{"id":1372,"date":"2020-04-08T15:17:39","date_gmt":"2020-04-08T15:17:39","guid":{"rendered":"https:\/\/saarlandfrauen.de\/?page_id=1372"},"modified":"2026-03-16T12:37:41","modified_gmt":"2026-03-16T11:37:41","slug":"impressum","status":"publish","type":"page","link":"https:\/\/saarlandfrauen.de\/?page_id=1372","title":{"rendered":"Impressum"},"content":{"rendered":"<p>[et_pb_section bb_built=&#8221;1&#8243; fullwidth=&#8221;on&#8221; _builder_version=&#8221;4.0.9&#8243; next_background_color=&#8221;#000000&#8243;][et_pb_fullwidth_image admin_label=&#8221;Titel Bild&#8221; src=&#8221;https:\/\/saarlandfrauen.de\/wp-content\/uploads\/2021\/03\/shutterstock_257585629-scaled.jpg&#8221; _builder_version=&#8221;4.9.4&#8243; vertical_offset_tablet=&#8221;-35px&#8221; horizontal_offset_tablet=&#8221;0&#8243; hover_enabled=&#8221;0&#8243; z_index_tablet=&#8221;500&#8243; box_shadow_horizontal_tablet=&#8221;0px&#8221; box_shadow_vertical_tablet=&#8221;0px&#8221; box_shadow_blur_tablet=&#8221;40px&#8221; box_shadow_spread_tablet=&#8221;0px&#8221; max_height_last_edited=&#8221;on|desktop&#8221; max_height=&#8221;350px&#8221; sticky_enabled=&#8221;0&#8243; max_height_tablet=&#8221;275px&#8221; max_height_phone=&#8221;200px&#8221; vertical_offset_last_edited=&#8221;on|desktop&#8221; vertical_offset=&#8221;-150px&#8221; vertical_offset_phone=&#8221;-35px&#8221;]<\/p>\n<p>[\/et_pb_fullwidth_image][\/et_pb_section][et_pb_section bb_built=&#8221;1&#8243; fullwidth=&#8221;on&#8221; _builder_version=&#8221;3.22&#8243; prev_background_color=&#8221;#000000&#8243; next_background_color=&#8221;#000000&#8243;][et_pb_fullwidth_menu admin_label=&#8221;Unter Men\u00fc&#8221; menu_id=&#8221;4&#8243; menu_style=&#8221;centered&#8221; submenu_direction=&#8221;downwards&#8221; fullwidth_menu=&#8221;off&#8221; menu_icon_color=&#8221;#000000&#8243; _builder_version=&#8221;4.4.3&#8243; menu_font=&#8221;|700|||||||&#8221; menu_font_size=&#8221;17px&#8221; background_color=&#8221;#e09900&#8243; vertical_offset_tablet=&#8221;0&#8243; horizontal_offset_tablet=&#8221;0&#8243; z_index_tablet=&#8221;500&#8243; menu_text_shadow_horizontal_length_tablet=&#8221;0px&#8221; menu_text_shadow_vertical_length_tablet=&#8221;0px&#8221; menu_text_shadow_blur_strength_tablet=&#8221;1px&#8221; box_shadow_horizontal_tablet=&#8221;0px&#8221; box_shadow_vertical_tablet=&#8221;0px&#8221; box_shadow_blur_tablet=&#8221;40px&#8221; box_shadow_spread_tablet=&#8221;0px&#8221; box_shadow_horizontal_image_tablet=&#8221;0px&#8221; box_shadow_vertical_image_tablet=&#8221;0px&#8221; box_shadow_blur_image_tablet=&#8221;40px&#8221; box_shadow_spread_image_tablet=&#8221;0px&#8221;]<\/p>\n<p>[\/et_pb_fullwidth_menu][\/et_pb_section][et_pb_section bb_built=&#8221;1&#8243; _builder_version=&#8221;4.3.2&#8243; vertical_offset_tablet=&#8221;0&#8243; horizontal_offset_tablet=&#8221;0&#8243; z_index_tablet=&#8221;500&#8243; box_shadow_horizontal_tablet=&#8221;0px&#8221; box_shadow_vertical_tablet=&#8221;0px&#8221; box_shadow_blur_tablet=&#8221;40px&#8221; box_shadow_spread_tablet=&#8221;0px&#8221; prev_background_color=&#8221;#000000&#8243;][et_pb_row _builder_version=&#8221;3.25&#8243; background_size=&#8221;initial&#8221; background_position=&#8221;top_left&#8221; background_repeat=&#8221;repeat&#8221;][et_pb_column type=&#8221;4_4&#8243; _builder_version=&#8221;3.0.47&#8243; custom_padding=&#8221;|||&#8221; custom_padding__hover=&#8221;|||&#8221;][et_pb_text admin_label=&#8221;Impressum&#8221; _builder_version=&#8221;4.27.4&#8243; vertical_offset_tablet=&#8221;0&#8243; horizontal_offset_tablet=&#8221;0&#8243; z_index_tablet=&#8221;0&#8243; text_text_shadow_horizontal_length_tablet=&#8221;0px&#8221; text_text_shadow_vertical_length_tablet=&#8221;0px&#8221; text_text_shadow_blur_strength_tablet=&#8221;1px&#8221; link_text_shadow_horizontal_length_tablet=&#8221;0px&#8221; link_text_shadow_vertical_length_tablet=&#8221;0px&#8221; link_text_shadow_blur_strength_tablet=&#8221;1px&#8221; ul_text_shadow_horizontal_length_tablet=&#8221;0px&#8221; ul_text_shadow_vertical_length_tablet=&#8221;0px&#8221; ul_text_shadow_blur_strength_tablet=&#8221;1px&#8221; ol_text_shadow_horizontal_length_tablet=&#8221;0px&#8221; ol_text_shadow_vertical_length_tablet=&#8221;0px&#8221; ol_text_shadow_blur_strength_tablet=&#8221;1px&#8221; quote_text_shadow_horizontal_length_tablet=&#8221;0px&#8221; quote_text_shadow_vertical_length_tablet=&#8221;0px&#8221; quote_text_shadow_blur_strength_tablet=&#8221;1px&#8221; header_text_shadow_horizontal_length_tablet=&#8221;0px&#8221; header_text_shadow_vertical_length_tablet=&#8221;0px&#8221; header_text_shadow_blur_strength_tablet=&#8221;1px&#8221; header_2_text_shadow_horizontal_length_tablet=&#8221;0px&#8221; header_2_text_shadow_vertical_length_tablet=&#8221;0px&#8221; header_2_text_shadow_blur_strength_tablet=&#8221;1px&#8221; header_3_text_shadow_horizontal_length_tablet=&#8221;0px&#8221; header_3_text_shadow_vertical_length_tablet=&#8221;0px&#8221; header_3_text_shadow_blur_strength_tablet=&#8221;1px&#8221; header_4_text_shadow_horizontal_length_tablet=&#8221;0px&#8221; header_4_text_shadow_vertical_length_tablet=&#8221;0px&#8221; header_4_text_shadow_blur_strength_tablet=&#8221;1px&#8221; header_5_text_shadow_horizontal_length_tablet=&#8221;0px&#8221; header_5_text_shadow_vertical_length_tablet=&#8221;0px&#8221; header_5_text_shadow_blur_strength_tablet=&#8221;1px&#8221; header_6_text_shadow_horizontal_length_tablet=&#8221;0px&#8221; header_6_text_shadow_vertical_length_tablet=&#8221;0px&#8221; header_6_text_shadow_blur_strength_tablet=&#8221;1px&#8221; box_shadow_horizontal_tablet=&#8221;0px&#8221; box_shadow_vertical_tablet=&#8221;0px&#8221; box_shadow_blur_tablet=&#8221;40px&#8221; box_shadow_spread_tablet=&#8221;0px&#8221; text_text_shadow_horizontal_length=&#8221;text_text_shadow_style,%91object Object%93&#8243; text_text_shadow_vertical_length=&#8221;text_text_shadow_style,%91object Object%93&#8243; text_text_shadow_blur_strength=&#8221;text_text_shadow_style,%91object Object%93&#8243; link_text_shadow_horizontal_length=&#8221;link_text_shadow_style,%91object Object%93&#8243; link_text_shadow_vertical_length=&#8221;link_text_shadow_style,%91object Object%93&#8243; link_text_shadow_blur_strength=&#8221;link_text_shadow_style,%91object Object%93&#8243; ul_text_shadow_horizontal_length=&#8221;ul_text_shadow_style,%91object Object%93&#8243; ul_text_shadow_vertical_length=&#8221;ul_text_shadow_style,%91object Object%93&#8243; ul_text_shadow_blur_strength=&#8221;ul_text_shadow_style,%91object Object%93&#8243; ol_text_shadow_horizontal_length=&#8221;ol_text_shadow_style,%91object Object%93&#8243; ol_text_shadow_vertical_length=&#8221;ol_text_shadow_style,%91object Object%93&#8243; ol_text_shadow_blur_strength=&#8221;ol_text_shadow_style,%91object Object%93&#8243; quote_text_shadow_horizontal_length=&#8221;quote_text_shadow_style,%91object Object%93&#8243; quote_text_shadow_vertical_length=&#8221;quote_text_shadow_style,%91object Object%93&#8243; quote_text_shadow_blur_strength=&#8221;quote_text_shadow_style,%91object Object%93&#8243; header_text_shadow_horizontal_length=&#8221;header_text_shadow_style,%91object Object%93&#8243; header_text_shadow_vertical_length=&#8221;header_text_shadow_style,%91object Object%93&#8243; header_text_shadow_blur_strength=&#8221;header_text_shadow_style,%91object Object%93&#8243; header_2_text_shadow_horizontal_length=&#8221;header_2_text_shadow_style,%91object Object%93&#8243; header_2_text_shadow_vertical_length=&#8221;header_2_text_shadow_style,%91object Object%93&#8243; header_2_text_shadow_blur_strength=&#8221;header_2_text_shadow_style,%91object Object%93&#8243; header_3_text_shadow_horizontal_length=&#8221;header_3_text_shadow_style,%91object Object%93&#8243; header_3_text_shadow_vertical_length=&#8221;header_3_text_shadow_style,%91object Object%93&#8243; header_3_text_shadow_blur_strength=&#8221;header_3_text_shadow_style,%91object Object%93&#8243; header_4_text_shadow_horizontal_length=&#8221;header_4_text_shadow_style,%91object Object%93&#8243; header_4_text_shadow_vertical_length=&#8221;header_4_text_shadow_style,%91object Object%93&#8243; header_4_text_shadow_blur_strength=&#8221;header_4_text_shadow_style,%91object Object%93&#8243; header_5_text_shadow_horizontal_length=&#8221;header_5_text_shadow_style,%91object Object%93&#8243; header_5_text_shadow_vertical_length=&#8221;header_5_text_shadow_style,%91object Object%93&#8243; header_5_text_shadow_blur_strength=&#8221;header_5_text_shadow_style,%91object Object%93&#8243; header_6_text_shadow_horizontal_length=&#8221;header_6_text_shadow_style,%91object Object%93&#8243; header_6_text_shadow_vertical_length=&#8221;header_6_text_shadow_style,%91object Object%93&#8243; header_6_text_shadow_blur_strength=&#8221;header_6_text_shadow_style,%91object Object%93&#8243; background_pattern_color=&#8221;rgba(0,0,0,0.2)&#8221; background_mask_color=&#8221;#ffffff&#8221;]<\/p>\n<h1>Impressum<\/h1>\n<p data-start=\"183\" data-end=\"208\"><strong data-start=\"183\" data-end=\"208\">Angaben gem\u00e4\u00df \u00a7 5 TMG<\/strong><\/p>\n<h2 data-start=\"210\" data-end=\"251\">1. Landesverband SaarLandFrauen e.V.<\/h2>\n<p data-start=\"252\" data-end=\"281\">Querstra\u00dfe 2<br data-start=\"264\" data-end=\"267\" \/>66636 Tholey<\/p>\n<p data-start=\"283\" data-end=\"349\">Eingetragen im Vereinsregister:<br data-start=\"314\" data-end=\"317\" \/>Amtsgericht Ottweiler, VR 1071<\/p>\n<p data-start=\"351\" data-end=\"369\">Vertreten durch:<\/p>\n<ul>\n<li data-start=\"372\" data-end=\"407\">Vorsitzende: Camilla Atmer Steitz<\/li>\n<li data-start=\"410\" data-end=\"468\">Stellvertretende Vorsitzende: Anja Gro\u00df und Melanie Laub<\/li>\n<\/ul>\n<p data-start=\"470\" data-end=\"594\">Verantwortlich f\u00fcr den Inhalt nach \u00a7 55 Abs. 2 RStV:<br data-start=\"522\" data-end=\"525\" \/>Landesgesch\u00e4ftsf\u00fchrerin Manuela Kr\u00e4mer<br data-start=\"563\" data-end=\"566\" \/>Querstra\u00dfe 2, 66636 Tholey<\/p>\n<h2 data-start=\"601\" data-end=\"669\">2. Landesverband SaarLandFrauen Bildungseinrichtung gGmbH\u00a0<\/h2>\n<p data-start=\"670\" data-end=\"699\">Querstra\u00dfe 2<br data-start=\"682\" data-end=\"685\" \/>66636 Tholey<\/p>\n<p data-start=\"701\" data-end=\"769\">Handelsregister HRB 112081 Amtsgericht Saarbr\u00fccken\u00a0<\/p>\n<p data-start=\"771\" data-end=\"814\">Vertreten durch die Gesch\u00e4ftsf\u00fchrerinnen:<\/p>\n<ul>\n<li data-start=\"817\" data-end=\"833\">Manuela Kr\u00e4mer<\/li>\n<li data-start=\"836\" data-end=\"858\">Camilla Atmer Steitz<\/li>\n<\/ul>\n<p data-start=\"860\" data-end=\"960\">Verantwortlich f\u00fcr den Inhalt nach \u00a7 55 Abs. 2 RStV:<br data-start=\"912\" data-end=\"915\" \/>Manuela Kr\u00e4mer<br data-start=\"929\" data-end=\"932\" \/>Querstra\u00dfe 2, 66636 Tholey<\/p>\n<h2 data-start=\"967\" data-end=\"979\">Kontakt<\/h2>\n<p data-start=\"980\" data-end=\"1037\">Telefon: 0151 53414998<br data-start=\"1002\" data-end=\"1005\" \/>E-Mail: <a href=\"mailto:info@saarlandfrauen.de\" data-start=\"1013\" data-end=\"1035\">info@saarlandfrauen.de<\/a><\/p>\n<h2 data-start=\"1044\" data-end=\"1105\">Verbraucherstreitbeilegung \/ Universalschlichtungsstelle<\/h2>\n<p data-start=\"1106\" data-end=\"1236\">Wir sind nicht bereit und nicht verpflichtet, an Streitbeilegungsverfahren vor einer Verbraucherschlichtungsstelle teilzunehmen.<\/p>\n<h2 data-start=\"1243\" data-end=\"1266\">Haftungsausschluss<\/h2>\n<p data-start=\"1268\" data-end=\"2173\"><strong data-start=\"1268\" data-end=\"1291\">Haftung f\u00fcr Inhalte<\/strong><br data-start=\"1291\" data-end=\"1294\" \/>Die Inhalte unserer Seiten wurden mit gr\u00f6\u00dfter Sorgfalt erstellt. F\u00fcr die Richtigkeit, Vollst\u00e4ndigkeit und Aktualit\u00e4t der Inhalte k\u00f6nnen wir jedoch keine Gew\u00e4hr \u00fcbernehmen. Als Diensteanbieter sind wir gem\u00e4\u00df \u00a7 7 Abs. 1 TMG f\u00fcr eigene Inhalte auf diesen Seiten nach den allgemeinen Gesetzen verantwortlich. Nach \u00a7\u00a7 8 bis 10 TMG sind wir als Diensteanbieter jedoch nicht verpflichtet, \u00fcbermittelte oder gespeicherte fremde Informationen zu \u00fcberwachen oder nach Umst\u00e4nden zu forschen, die auf eine rechtswidrige T\u00e4tigkeit hinweisen. Verpflichtungen zur Entfernung oder Sperrung der Nutzung von Informationen nach den allgemeinen Gesetzen bleiben hiervon unber\u00fchrt. Eine diesbez\u00fcgliche Haftung ist jedoch erst ab dem Zeitpunkt der Kenntnis einer konkreten Rechtsverletzung m\u00f6glich. Bei Bekanntwerden von entsprechenden Rechtsverletzungen werden wir diese Inhalte umgehend entfernen.<\/p>\n<p data-start=\"2175\" data-end=\"2877\"><strong data-start=\"2175\" data-end=\"2196\">Haftung f\u00fcr Links<\/strong><br data-start=\"2196\" data-end=\"2199\" \/>Unser Angebot enth\u00e4lt Links zu externen Websites Dritter, auf deren Inhalte wir keinen Einfluss haben. Deshalb k\u00f6nnen wir f\u00fcr diese fremden Inhalte auch keine Gew\u00e4hr \u00fcbernehmen. F\u00fcr die Inhalte der verlinkten Seiten ist stets der jeweilige Anbieter oder Betreiber verantwortlich. Die verlinkten Seiten wurden zum Zeitpunkt der Verlinkung auf m\u00f6gliche Rechtsverst\u00f6\u00dfe \u00fcberpr\u00fcft. Rechtswidrige Inhalte waren zum Zeitpunkt der Verlinkung nicht erkennbar. Eine permanente inhaltliche Kontrolle der verlinkten Seiten ist jedoch ohne konkrete Anhaltspunkte einer Rechtsverletzung nicht zumutbar. Bei Bekanntwerden von Rechtsverletzungen werden wir derartige Links umgehend entfernen.<\/p>\n<p data-start=\"2879\" data-end=\"3682\"><strong data-start=\"2879\" data-end=\"2895\">Urheberrecht<\/strong><br data-start=\"2895\" data-end=\"2898\" \/>Die durch die Seitenbetreiber erstellten Inhalte und Werke auf diesen Seiten unterliegen dem deutschen Urheberrecht. Beitr\u00e4ge Dritter sind als solche gekennzeichnet. Die Vervielf\u00e4ltigung, Bearbeitung, Verbreitung und jede Art der Verwertung au\u00dferhalb der Grenzen des Urheberrechtes bed\u00fcrfen der schriftlichen Zustimmung des jeweiligen Autors bzw. Erstellers. Downloads und Kopien dieser Seite sind nur f\u00fcr den privaten, nicht kommerziellen Gebrauch gestattet. Soweit die Inhalte auf dieser Seite nicht vom Betreiber erstellt wurden, werden die Urheberrechte Dritter beachtet. Sollten Sie trotzdem auf eine Urheberrechtsverletzung aufmerksam werden, bitten wir um einen entsprechenden Hinweis. Bei Bekanntwerden von Rechtsverletzungen werden wir derartige Inhalte umgehend entfernen.<\/p>\n<p data-start=\"3684\" data-end=\"3855\"><strong data-start=\"3684\" data-end=\"3698\">Bildrechte<\/strong><br data-start=\"3698\" data-end=\"3701\" \/>Sofern auf dieser Website Bilder, Grafiken oder Fotografien verwendet werden, die von Dritten lizenziert wurden, sind diese entsprechend gekennzeichnet.<\/p>\n<p>[\/et_pb_text][\/et_pb_column][\/et_pb_row][\/et_pb_section]<\/p>\n","protected":false},"excerpt":{"rendered":"<p>ImpressumAngaben gem\u00e4\u00df \u00a7 5 TMG1. Landesverband SaarLandFrauen e.V.Querstra\u00dfe 266636 TholeyEingetragen im Vereinsregister:Amtsgericht Ottweiler, VR 1071Vertreten durch:Vorsitzende: Camilla Atmer SteitzStellvertretende Vorsitzende: Anja Gro\u00df und Melanie LaubVerantwortlich f\u00fcr den Inhalt nach \u00a7 55 Abs. 2 RStV:Landesgesch\u00e4ftsf\u00fchrerin Manuela Kr\u00e4merQuerstra\u00dfe 2, 66636 Tholey2. Landesverband SaarLandFrauen Bildungseinrichtung gGmbH\u00a0Querstra\u00dfe 266636 TholeyHandelsregister HRB 112081 Amtsgericht Saarbr\u00fccken\u00a0Vertreten durch die Gesch\u00e4ftsf\u00fchrerinnen:Manuela Kr\u00e4merCamilla Atmer SteitzVerantwortlich [&hellip;]<\/p>\n","protected":false},"author":1,"featured_media":0,"parent":18,"menu_order":0,"comment_status":"closed","ping_status":"closed","template":"","meta":{"_et_pb_use_builder":"on","_et_pb_old_content":"","_et_gb_content_width":"","footnotes":""},"class_list":["post-1372","page","type-page","status-publish","hentry"],"_links":{"self":[{"href":"https:\/\/saarlandfrauen.de\/index.php?rest_route=\/wp\/v2\/pages\/1372","targetHints":{"allow":["GET"]}}],"collection":[{"href":"https:\/\/saarlandfrauen.de\/index.php?rest_route=\/wp\/v2\/pages"}],"about":[{"href":"https:\/\/saarlandfrauen.de\/index.php?rest_route=\/wp\/v2\/types\/page"}],"author":[{"embeddable":true,"href":"https:\/\/saarlandfrauen.de\/index.php?rest_route=\/wp\/v2\/users\/1"}],"replies":[{"embeddable":true,"href":"https:\/\/saarlandfrauen.de\/index.php?rest_route=%2Fwp%2Fv2%2Fcomments&post=1372"}],"version-history":[{"count":11,"href":"https:\/\/saarlandfrauen.de\/index.php?rest_route=\/wp\/v2\/pages\/1372\/revisions"}],"predecessor-version":[{"id":5780,"href":"https:\/\/saarlandfrauen.de\/index.php?rest_route=\/wp\/v2\/pages\/1372\/revisions\/5780"}],"up":[{"embeddable":true,"href":"https:\/\/saarlandfrauen.de\/index.php?rest_route=\/wp\/v2\/pages\/18"}],"wp:attachment":[{"href":"https:\/\/saarlandfrauen.de\/index.php?rest_route=%2Fwp%2Fv2%2Fmedia&parent=1372"}],"curies":[{"name":"wp","href":"https:\/\/api.w.org\/{rel}","templated":true}]}}