{"id":342,"date":"2020-03-05T15:34:08","date_gmt":"2020-03-05T15:34:08","guid":{"rendered":"https:\/\/saarlandfrauen.de\/?page_id=342"},"modified":"2026-03-16T12:39:32","modified_gmt":"2026-03-16T11:39:32","slug":"lv_kontakt","status":"publish","type":"page","link":"https:\/\/saarlandfrauen.de\/?page_id=342","title":{"rendered":"LV_Kontakt"},"content":{"rendered":"<p>[et_pb_section bb_built=&#8221;1&#8243; fullwidth=&#8221;on&#8221; _builder_version=&#8221;3.22&#8243; next_background_color=&#8221;#000000&#8243;][et_pb_fullwidth_image admin_label=&#8221;Titel Bild&#8221; src=&#8221;https:\/\/saarlandfrauen.de\/wp-content\/uploads\/2021\/03\/shutterstock_257585629-scaled.jpg&#8221; _builder_version=&#8221;4.27.4&#8243; vertical_offset_tablet=&#8221;-35px&#8221; horizontal_offset_tablet=&#8221;0&#8243; hover_enabled=&#8221;0&#8243; z_index_tablet=&#8221;500&#8243; box_shadow_horizontal_tablet=&#8221;0px&#8221; box_shadow_vertical_tablet=&#8221;0px&#8221; box_shadow_blur_tablet=&#8221;40px&#8221; box_shadow_spread_tablet=&#8221;0px&#8221; max_height_last_edited=&#8221;on|desktop&#8221; max_height=&#8221;350px&#8221; sticky_enabled=&#8221;0&#8243; max_height_tablet=&#8221;275px&#8221; max_height_phone=&#8221;2000px&#8221; vertical_offset_last_edited=&#8221;on|desktop&#8221; vertical_offset=&#8221;-150px&#8221; vertical_offset_phone=&#8221;0px&#8221;]<\/p>\n<p>[\/et_pb_fullwidth_image][\/et_pb_section][et_pb_section bb_built=&#8221;1&#8243; fullwidth=&#8221;on&#8221; _builder_version=&#8221;3.22&#8243; prev_background_color=&#8221;#000000&#8243; next_background_color=&#8221;#000000&#8243;][et_pb_fullwidth_menu admin_label=&#8221;Unter Men\u00fc&#8221; menu_id=&#8221;4&#8243; menu_style=&#8221;centered&#8221; submenu_direction=&#8221;downwards&#8221; fullwidth_menu=&#8221;off&#8221; menu_icon_color=&#8221;#000000&#8243; _builder_version=&#8221;4.4.3&#8243; menu_font=&#8221;|700|||||||&#8221; menu_font_size=&#8221;17px&#8221; background_color=&#8221;#e09900&#8243; vertical_offset_tablet=&#8221;0&#8243; horizontal_offset_tablet=&#8221;0&#8243; z_index_tablet=&#8221;500&#8243; menu_text_shadow_horizontal_length_tablet=&#8221;0px&#8221; menu_text_shadow_vertical_length_tablet=&#8221;0px&#8221; menu_text_shadow_blur_strength_tablet=&#8221;1px&#8221; box_shadow_horizontal_tablet=&#8221;0px&#8221; box_shadow_vertical_tablet=&#8221;0px&#8221; box_shadow_blur_tablet=&#8221;40px&#8221; box_shadow_spread_tablet=&#8221;0px&#8221; box_shadow_horizontal_image_tablet=&#8221;0px&#8221; box_shadow_vertical_image_tablet=&#8221;0px&#8221; box_shadow_blur_image_tablet=&#8221;40px&#8221; box_shadow_spread_image_tablet=&#8221;0px&#8221;]<\/p>\n<p>[\/et_pb_fullwidth_menu][\/et_pb_section][et_pb_section bb_built=&#8221;1&#8243; _builder_version=&#8221;4.3.3&#8243; vertical_offset_tablet=&#8221;0&#8243; horizontal_offset_tablet=&#8221;0&#8243; z_index_tablet=&#8221;500&#8243; box_shadow_horizontal_tablet=&#8221;0px&#8221; box_shadow_vertical_tablet=&#8221;0px&#8221; box_shadow_blur_tablet=&#8221;40px&#8221; box_shadow_spread_tablet=&#8221;0px&#8221; prev_background_color=&#8221;#000000&#8243;][et_pb_row _builder_version=&#8221;4.3.3&#8243; vertical_offset_tablet=&#8221;0&#8243; horizontal_offset_tablet=&#8221;0&#8243; z_index_tablet=&#8221;0&#8243; custom_css_main_element=&#8221;align-items: center;&#8221; box_shadow_horizontal_tablet=&#8221;0px&#8221; box_shadow_vertical_tablet=&#8221;0px&#8221; box_shadow_blur_tablet=&#8221;40px&#8221; box_shadow_spread_tablet=&#8221;0px&#8221;][et_pb_column type=&#8221;4_4&#8243; _builder_version=&#8221;3.0.47&#8243; custom_padding=&#8221;|||&#8221; custom_padding__hover=&#8221;|||&#8221;][et_pb_text admin_label=&#8221;Kontakt&#8221; _builder_version=&#8221;4.27.4&#8243; vertical_offset_tablet=&#8221;0&#8243; horizontal_offset_tablet=&#8221;0&#8243; z_index_tablet=&#8221;0&#8243; text_text_shadow_horizontal_length_tablet=&#8221;0px&#8221; text_text_shadow_vertical_length_tablet=&#8221;0px&#8221; text_text_shadow_blur_strength_tablet=&#8221;1px&#8221; link_text_shadow_horizontal_length_tablet=&#8221;0px&#8221; link_text_shadow_vertical_length_tablet=&#8221;0px&#8221; link_text_shadow_blur_strength_tablet=&#8221;1px&#8221; ul_text_shadow_horizontal_length_tablet=&#8221;0px&#8221; ul_text_shadow_vertical_length_tablet=&#8221;0px&#8221; ul_text_shadow_blur_strength_tablet=&#8221;1px&#8221; ol_text_shadow_horizontal_length_tablet=&#8221;0px&#8221; ol_text_shadow_vertical_length_tablet=&#8221;0px&#8221; ol_text_shadow_blur_strength_tablet=&#8221;1px&#8221; quote_text_shadow_horizontal_length_tablet=&#8221;0px&#8221; quote_text_shadow_vertical_length_tablet=&#8221;0px&#8221; quote_text_shadow_blur_strength_tablet=&#8221;1px&#8221; header_text_shadow_horizontal_length_tablet=&#8221;0px&#8221; header_text_shadow_vertical_length_tablet=&#8221;0px&#8221; header_text_shadow_blur_strength_tablet=&#8221;1px&#8221; header_2_text_shadow_horizontal_length_tablet=&#8221;0px&#8221; header_2_text_shadow_vertical_length_tablet=&#8221;0px&#8221; header_2_text_shadow_blur_strength_tablet=&#8221;1px&#8221; header_3_text_shadow_horizontal_length_tablet=&#8221;0px&#8221; header_3_text_shadow_vertical_length_tablet=&#8221;0px&#8221; header_3_text_shadow_blur_strength_tablet=&#8221;1px&#8221; header_4_text_shadow_horizontal_length_tablet=&#8221;0px&#8221; header_4_text_shadow_vertical_length_tablet=&#8221;0px&#8221; header_4_text_shadow_blur_strength_tablet=&#8221;1px&#8221; header_5_text_shadow_horizontal_length_tablet=&#8221;0px&#8221; header_5_text_shadow_vertical_length_tablet=&#8221;0px&#8221; header_5_text_shadow_blur_strength_tablet=&#8221;1px&#8221; header_6_text_shadow_horizontal_length_tablet=&#8221;0px&#8221; header_6_text_shadow_vertical_length_tablet=&#8221;0px&#8221; header_6_text_shadow_blur_strength_tablet=&#8221;1px&#8221; box_shadow_horizontal_tablet=&#8221;0px&#8221; box_shadow_vertical_tablet=&#8221;0px&#8221; box_shadow_blur_tablet=&#8221;40px&#8221; box_shadow_spread_tablet=&#8221;0px&#8221; text_text_shadow_horizontal_length=&#8221;text_text_shadow_style,%91object Object%93&#8243; text_text_shadow_vertical_length=&#8221;text_text_shadow_style,%91object Object%93&#8243; text_text_shadow_blur_strength=&#8221;text_text_shadow_style,%91object Object%93&#8243; link_text_shadow_horizontal_length=&#8221;link_text_shadow_style,%91object Object%93&#8243; link_text_shadow_vertical_length=&#8221;link_text_shadow_style,%91object Object%93&#8243; link_text_shadow_blur_strength=&#8221;link_text_shadow_style,%91object Object%93&#8243; ul_text_shadow_horizontal_length=&#8221;ul_text_shadow_style,%91object Object%93&#8243; ul_text_shadow_vertical_length=&#8221;ul_text_shadow_style,%91object Object%93&#8243; ul_text_shadow_blur_strength=&#8221;ul_text_shadow_style,%91object Object%93&#8243; ol_text_shadow_horizontal_length=&#8221;ol_text_shadow_style,%91object Object%93&#8243; ol_text_shadow_vertical_length=&#8221;ol_text_shadow_style,%91object Object%93&#8243; ol_text_shadow_blur_strength=&#8221;ol_text_shadow_style,%91object Object%93&#8243; quote_text_shadow_horizontal_length=&#8221;quote_text_shadow_style,%91object Object%93&#8243; quote_text_shadow_vertical_length=&#8221;quote_text_shadow_style,%91object Object%93&#8243; quote_text_shadow_blur_strength=&#8221;quote_text_shadow_style,%91object Object%93&#8243; header_text_shadow_horizontal_length=&#8221;header_text_shadow_style,%91object Object%93&#8243; header_text_shadow_vertical_length=&#8221;header_text_shadow_style,%91object Object%93&#8243; header_text_shadow_blur_strength=&#8221;header_text_shadow_style,%91object Object%93&#8243; header_2_text_shadow_horizontal_length=&#8221;header_2_text_shadow_style,%91object Object%93&#8243; header_2_text_shadow_vertical_length=&#8221;header_2_text_shadow_style,%91object Object%93&#8243; header_2_text_shadow_blur_strength=&#8221;header_2_text_shadow_style,%91object Object%93&#8243; header_3_text_shadow_horizontal_length=&#8221;header_3_text_shadow_style,%91object Object%93&#8243; header_3_text_shadow_vertical_length=&#8221;header_3_text_shadow_style,%91object Object%93&#8243; header_3_text_shadow_blur_strength=&#8221;header_3_text_shadow_style,%91object Object%93&#8243; header_4_text_shadow_horizontal_length=&#8221;header_4_text_shadow_style,%91object Object%93&#8243; header_4_text_shadow_vertical_length=&#8221;header_4_text_shadow_style,%91object Object%93&#8243; header_4_text_shadow_blur_strength=&#8221;header_4_text_shadow_style,%91object Object%93&#8243; header_5_text_shadow_horizontal_length=&#8221;header_5_text_shadow_style,%91object Object%93&#8243; header_5_text_shadow_vertical_length=&#8221;header_5_text_shadow_style,%91object Object%93&#8243; header_5_text_shadow_blur_strength=&#8221;header_5_text_shadow_style,%91object Object%93&#8243; header_6_text_shadow_horizontal_length=&#8221;header_6_text_shadow_style,%91object Object%93&#8243; header_6_text_shadow_vertical_length=&#8221;header_6_text_shadow_style,%91object Object%93&#8243; header_6_text_shadow_blur_strength=&#8221;header_6_text_shadow_style,%91object Object%93&#8243; background_pattern_color=&#8221;rgba(0,0,0,0.2)&#8221; background_mask_color=&#8221;#ffffff&#8221;]<\/p>\n<h3><strong>Kontakt \/ Impressum<\/strong><\/h3>\n<p><strong><span style=\"font-size: 14pt;\">SaarLandFrauen e.V. &amp; SaarLandFrauen Bildungseinrichtung gGmbH<\/span><\/strong><\/p>\n<p><span style=\"font-size: 14pt;\">Unsere Gesch\u00e4ftsstelle finden Sie unter folgender Adresse:<\/span><\/p>\n<table style=\"width: 100%; border-collapse: collapse; border-style: none;\">\n<tbody>\n<tr>\n<td style=\"width: 50%; border-style: none;\">\n<p><span style=\"font-size: 14pt;\"><strong><em>Gesch\u00e4ftsf\u00fchrerin und Bildungsreferentin:<\/em><\/strong><\/span><br \/><span style=\"font-size: 14pt;\"><strong><em>Manuela Kr\u00e4mer<\/em><\/strong><\/span><\/p>\n<p><span style=\"font-size: 14pt;\">Querstra\u00dfe 2<\/span><br \/><span style=\"font-size: 14pt;\">66636 Tholey<\/span><br \/><span style=\"font-size: 14pt;\">Tel.: 0151\/53414998<\/span><\/p>\n<p><span style=\"font-size: 14pt;\">Mail: info@saarlandfrauen.de<\/span><\/p>\n<\/td>\n<td style=\"width: 50%; border-style: none;\">\n<h3><img loading=\"lazy\" decoding=\"async\" class=\"alignnone size-medium wp-image-5630\" src=\"https:\/\/saarlandfrauen.de\/wp-content\/uploads\/2025\/12\/Manuela-Kramer_komprimiert-237x300.jpg\" alt=\"\" width=\"237\" height=\"300\" \/><\/h3>\n<\/td>\n<\/tr>\n<\/tbody>\n<\/table>\n<p>\u00a0<\/p>\n<p><span style=\"font-size: 14pt;\"><strong>Die Gesch\u00e4ftsstelle ist Dienstleister f\u00fcr den Landesverband, die Kreisverb\u00e4nde und Ortsvereine.<\/strong><\/span><\/p>\n<p><span style=\"font-size: 14pt;\"><strong>Sie hilft, die Verbandsziele umzusetzen:<\/strong><\/span><br \/><span style=\"font-size: 14pt;\">\u2013 Vereinbarkeit von Beruf und Familie<\/span><br \/><span style=\"font-size: 14pt;\">\u2013 Verbesserung der Lebenssituation von Frauen und Familien im l\u00e4ndlichen Raum<\/span><br \/><span style=\"font-size: 14pt;\">\u2013 Unterst\u00fctzung \/ F\u00f6rderung von Frauen zur aktiven Mitwirkung im \u00f6ffentlichen Leben<\/span><\/p>\n<p>\u00a0<\/p>\n<table style=\"height: 495px; width: 100%; border-collapse: collapse; border-style: none;\">\n<tbody>\n<tr style=\"height: 119px;\">\n<td style=\"width: 31.6493%; height: 119px; border-style: none;\"><span style=\"font-size: 14pt;\">.<strong>.. sie unterst\u00fctzt<\/strong><\/span><\/td>\n<td style=\"width: 68.3507%; height: 119px; border-style: none;\">\n<p><span style=\"font-size: 14pt;\"><strong>\u00d6ffentlichkeitsarbeit<\/strong><\/span><br \/><span style=\"font-size: 14pt;\">\u2013 Aktionen und Projekte<\/span><br \/><span style=\"font-size: 14pt;\">\u2013 Informationen und Medienarbeit<\/span><br \/><span style=\"font-size: 14pt;\">\u2013 Gesch\u00e4ftsberichte und Statistiken<\/span><\/p>\n<p>\u00a0<\/p>\n<\/td>\n<\/tr>\n<tr style=\"height: 142px;\">\n<td style=\"width: 31.6493%; height: 142px; border-style: none;\"><span style=\"font-size: 14pt;\"><strong>&#8230; sie organisiert<\/strong><\/span><\/td>\n<td style=\"width: 68.3507%; height: 142px; border-style: none;\">\n<p><span style=\"font-size: 14pt;\"><strong>Bildungsarbeit<\/strong><\/span><br \/><span style=\"font-size: 14pt;\">\u2013 Ausstellungen<\/span><br \/><span style=\"font-size: 14pt;\">\u2013 Seminare und Vortr\u00e4ge<\/span><br \/><span style=\"font-size: 14pt;\">\u2013 Kurse und Arbeitskreise<\/span><br \/><span style=\"font-size: 14pt;\">\u2013 Lehrg\u00e4nge und Qualifizierungen<\/span><\/p>\n<p>\u00a0<\/p>\n<\/td>\n<\/tr>\n<tr style=\"height: 119px;\">\n<td style=\"width: 31.6493%; height: 119px; border-style: none;\"><span style=\"font-size: 14pt;\"><strong>&#8230; sie betreut<\/strong><\/span><\/td>\n<td style=\"width: 68.3507%; height: 119px; border-style: none;\">\n<p><span style=\"font-size: 14pt;\"><strong>den Landesvorstand<\/strong><\/span><br \/><span style=\"font-size: 14pt;\">\u2013 Vorstandssitzungen<\/span><br \/><span style=\"font-size: 14pt;\">\u2013 Mitgliederversammlung<\/span><br \/><span style=\"font-size: 14pt;\">\u2013 Wahlen \/ Satzungs\u00e4nderungen<\/span><br \/><span style=\"font-size: 14pt;\">\u2013 Vertretung auf Bundesebene<\/span><\/p>\n<p>\u00a0<\/p>\n<\/td>\n<\/tr>\n<tr style=\"height: 23px;\">\n<td style=\"width: 31.6493%; height: 23px; border-style: none;\"><span style=\"font-size: 14pt;\"><strong>&#8230; sie erledigt<\/strong><\/span><\/td>\n<td style=\"width: 68.3507%; height: 23px; border-style: none;\">\n<p><span style=\"font-size: 14pt;\"><strong>Verwaltungsarbeit<\/strong><\/span><br \/><span style=\"font-size: 14pt;\">\u2013 Finanzwesen<\/span><br \/><span style=\"font-size: 14pt;\">\u2013 Schriftwechsel<\/span><br \/><span style=\"font-size: 14pt;\">\u2013 Honorarabwicklung<\/span><\/p>\n<p>\u00a0<\/p>\n<\/td>\n<\/tr>\n<tr style=\"height: 23px;\">\n<td style=\"width: 31.6493%; height: 23px; border-style: none;\"><span style=\"font-size: 14pt;\"><strong>&#8230; sie leistet<\/strong><\/span><\/td>\n<td style=\"width: 68.3507%; height: 23px; border-style: none;\">\n<p><span style=\"font-size: 14pt;\"><strong>Beratungsarbeit<\/strong><\/span><br \/><span style=\"font-size: 14pt;\">\u2013 Arbeitsmaterialien<\/span><br \/><span style=\"font-size: 14pt;\">\u2013 Versicherungsfragen<\/span><br \/><span style=\"font-size: 14pt;\">\u2013 Gro\u00dfveranstaltungen<\/span><\/p>\n<p>\u00a0<\/p>\n<\/td>\n<\/tr>\n<tr style=\"height: 23px;\">\n<td style=\"width: 31.6493%; height: 23px; border-style: none;\"><span style=\"font-size: 14pt;\"><strong>&#8230; sie entwickelt<\/strong><\/span><\/td>\n<td style=\"width: 68.3507%; height: 23px; border-style: none;\">\n<p><span style=\"font-size: 14pt;\"><strong>Konzeptionen<\/strong><\/span><br \/><span style=\"font-size: 14pt;\">\u2013 Entwicklung neuer Strategien<\/span><br \/><span style=\"font-size: 14pt;\">\u2013 Beschaffung von F\u00f6rdergeldern<\/span><br \/><span style=\"font-size: 14pt;\">\u2013 Durchf\u00fchren von Modellprojekten<\/span><\/p>\n<p>\u00a0<\/p>\n<\/td>\n<\/tr>\n<tr style=\"height: 23px;\">\n<td style=\"width: 31.6493%; height: 23px; border-style: none;\"><span style=\"font-size: 14pt;\"><strong>&#8230; sie pflegt<\/strong><\/span><\/td>\n<td style=\"width: 68.3507%; height: 23px; border-style: none;\">\n<p><span style=\"font-size: 14pt;\"><strong>Kooperationen<\/strong><\/span><br \/><span style=\"font-size: 14pt;\">\u2013 Mitgliedschaft in verschiedenen Verb\u00e4nden<\/span><br \/><span style=\"font-size: 14pt;\">\u2013 Mitarbeit in Landesaussch\u00fcssen<\/span><br \/><span style=\"font-size: 14pt;\">\u2013 Mitarbeit auf Bundesebene<\/span><\/p>\n<p>\u00a0<\/p>\n<\/td>\n<\/tr>\n<tr style=\"height: 23px;\">\n<td style=\"width: 31.6493%; height: 23px; border-style: none;\"><span style=\"font-size: 14pt;\"><strong>&#8230; sie erarbeitet<\/strong><\/span><\/td>\n<td style=\"width: 68.3507%; height: 23px; border-style: none;\">\n<p><span style=\"font-size: 14pt;\"><strong>Materialien<\/strong><\/span><br \/><span style=\"font-size: 14pt;\">\u2013 Bildungsprogramm \/ Referenten<\/span><br \/><span style=\"font-size: 14pt;\">\u2013 Leitfaden zur Vereinsarbeit<\/span><br \/><span style=\"font-size: 14pt;\">\u2013 Material zur \u00d6ffentlichkeitsarbeit<\/span><\/p>\n<p>\u00a0<\/p>\n<\/td>\n<\/tr>\n<\/tbody>\n<\/table>\n<p>[\/et_pb_text][et_pb_contact_form admin_label=&#8221;Kontakt Formular&#8221; email=&#8221;info@saarlandfrauen.de&#8221; title=&#8221;Schreiben Sie uns&#8230;&#8221; custom_message=&#8221;Name des Absender:||et_pb_line_break_holder||%%Name%%||et_pb_line_break_holder||||et_pb_line_break_holder||Email des Absenders:||et_pb_line_break_holder||%%Email%%||et_pb_line_break_holder||||et_pb_line_break_holder||Meine Nachricht:||et_pb_line_break_holder||%%Message%%&#8221; success_message=&#8221;Nachricht wurde verschickt. Vielen Dank&#8221; submit_button_text=&#8221;Absenden&#8221; _builder_version=&#8221;4.27.4&#8243; vertical_offset_tablet=&#8221;0&#8243; horizontal_offset_tablet=&#8221;0&#8243; max_width=&#8221;75%&#8221; module_alignment=&#8221;center&#8221; z_index_tablet=&#8221;0&#8243; title_text_shadow_horizontal_length_tablet=&#8221;0px&#8221; title_text_shadow_vertical_length_tablet=&#8221;0px&#8221; title_text_shadow_blur_strength_tablet=&#8221;1px&#8221; captcha_text_shadow_horizontal_length_tablet=&#8221;0px&#8221; captcha_text_shadow_vertical_length_tablet=&#8221;0px&#8221; captcha_text_shadow_blur_strength_tablet=&#8221;1px&#8221; form_field_text_shadow_horizontal_length_tablet=&#8221;0px&#8221; form_field_text_shadow_vertical_length_tablet=&#8221;0px&#8221; form_field_text_shadow_blur_strength_tablet=&#8221;1px&#8221; border_radii=&#8221;on|2px|2px|2px|2px&#8221; border_width_all=&#8221;2px&#8221; border_color_all=&#8221;#7cda24&#8243; button_text_shadow_horizontal_length_tablet=&#8221;0px&#8221; button_text_shadow_vertical_length_tablet=&#8221;0px&#8221; button_text_shadow_blur_strength_tablet=&#8221;1px&#8221; box_shadow_horizontal_tablet=&#8221;0px&#8221; box_shadow_vertical_tablet=&#8221;0px&#8221; box_shadow_blur_tablet=&#8221;40px&#8221; box_shadow_spread_tablet=&#8221;0px&#8221; box_shadow_horizontal_button_tablet=&#8221;0px&#8221; box_shadow_vertical_button_tablet=&#8221;0px&#8221; box_shadow_blur_button_tablet=&#8221;40px&#8221; box_shadow_spread_button_tablet=&#8221;0px&#8221; text_shadow_horizontal_length_tablet=&#8221;0px&#8221; text_shadow_vertical_length_tablet=&#8221;0px&#8221; text_shadow_blur_strength_tablet=&#8221;1px&#8221; recaptcha_list=&#8221;|none&#8221; background_pattern_color=&#8221;rgba(0,0,0,0.2)&#8221; background_mask_color=&#8221;#ffffff&#8221; form_field_text_shadow_horizontal_length=&#8221;form_field_text_shadow_style,%91object Object%93&#8243; form_field_text_shadow_vertical_length=&#8221;form_field_text_shadow_style,%91object Object%93&#8243; form_field_text_shadow_blur_strength=&#8221;form_field_text_shadow_style,%91object Object%93&#8243; text_shadow_horizontal_length=&#8221;text_shadow_style,%91object Object%93&#8243; text_shadow_vertical_length=&#8221;text_shadow_style,%91object Object%93&#8243; text_shadow_blur_strength=&#8221;text_shadow_style,%91object Object%93&#8243; title_text_shadow_horizontal_length=&#8221;title_text_shadow_style,%91object Object%93&#8243; title_text_shadow_vertical_length=&#8221;title_text_shadow_style,%91object Object%93&#8243; title_text_shadow_blur_strength=&#8221;title_text_shadow_style,%91object Object%93&#8243; captcha_text_shadow_horizontal_length=&#8221;captcha_text_shadow_style,%91object Object%93&#8243; captcha_text_shadow_vertical_length=&#8221;captcha_text_shadow_style,%91object Object%93&#8243; captcha_text_shadow_blur_strength=&#8221;captcha_text_shadow_style,%91object Object%93&#8243; button_text_shadow_horizontal_length=&#8221;button_text_shadow_style,%91object Object%93&#8243; button_text_shadow_vertical_length=&#8221;button_text_shadow_style,%91object Object%93&#8243; button_text_shadow_blur_strength=&#8221;button_text_shadow_style,%91object Object%93&#8243;][et_pb_contact_field field_id=&#8221;Name&#8221; field_title=&#8221;Ihr Name&#8221; field_title_tablet=&#8221;Name&#8221; field_title_phone=&#8221;Name&#8221; _builder_version=&#8221;4.4.3&#8243; vertical_offset_tablet=&#8221;0&#8243; vertical_offset_phone=&#8221;0&#8243; horizontal_offset_tablet=&#8221;0&#8243; horizontal_offset_phone=&#8221;0&#8243; max_width_tablet=&#8221;none&#8221; max_width_phone=&#8221;none&#8221; background_color_gradient_direction_tablet=&#8221;180deg&#8221; background_color_gradient_direction_phone=&#8221;180deg&#8221; background_color_gradient_start_position_tablet=&#8221;0%&#8221; background_color_gradient_start_position_phone=&#8221;0%&#8221; background_color_gradient_end_position_tablet=&#8221;100%&#8221; background_color_gradient_end_position_phone=&#8221;100%&#8221; z_index_tablet=&#8221;0&#8243; z_index_phone=&#8221;0&#8243; hover_transition_duration_tablet=&#8221;300ms&#8221; hover_transition_duration_phone=&#8221;300ms&#8221; hover_transition_delay_tablet=&#8221;0ms&#8221; hover_transition_delay_phone=&#8221;0ms&#8221; form_field_text_shadow_horizontal_length_tablet=&#8221;0px&#8221; form_field_text_shadow_horizontal_length_phone=&#8221;0px&#8221; form_field_text_shadow_vertical_length_tablet=&#8221;0px&#8221; form_field_text_shadow_vertical_length_phone=&#8221;0px&#8221; form_field_text_shadow_blur_strength_tablet=&#8221;1px&#8221; form_field_text_shadow_blur_strength_phone=&#8221;1px&#8221; box_shadow_horizontal_tablet=&#8221;0px&#8221; box_shadow_horizontal_phone=&#8221;0px&#8221; box_shadow_vertical_tablet=&#8221;0px&#8221; box_shadow_vertical_phone=&#8221;0px&#8221; box_shadow_blur_tablet=&#8221;40px&#8221; box_shadow_blur_phone=&#8221;40px&#8221; box_shadow_spread_tablet=&#8221;0px&#8221; box_shadow_spread_phone=&#8221;0px&#8221;][\/et_pb_contact_field][et_pb_contact_field field_id=&#8221;Email&#8221; field_title=&#8221;Ihre E-Mail&#8221; field_type=&#8221;email&#8221; field_title_tablet=&#8221;E-Mail&#8221; field_title_phone=&#8221;E-Mail&#8221; _builder_version=&#8221;4.4.3&#8243; vertical_offset_tablet=&#8221;0&#8243; vertical_offset_phone=&#8221;0&#8243; horizontal_offset_tablet=&#8221;0&#8243; horizontal_offset_phone=&#8221;0&#8243; max_width_tablet=&#8221;none&#8221; max_width_phone=&#8221;none&#8221; background_color_gradient_direction_tablet=&#8221;180deg&#8221; background_color_gradient_direction_phone=&#8221;180deg&#8221; background_color_gradient_start_position_tablet=&#8221;0%&#8221; background_color_gradient_start_position_phone=&#8221;0%&#8221; background_color_gradient_end_position_tablet=&#8221;100%&#8221; background_color_gradient_end_position_phone=&#8221;100%&#8221; z_index_tablet=&#8221;0&#8243; z_index_phone=&#8221;0&#8243; hover_transition_duration_tablet=&#8221;300ms&#8221; hover_transition_duration_phone=&#8221;300ms&#8221; hover_transition_delay_tablet=&#8221;0ms&#8221; hover_transition_delay_phone=&#8221;0ms&#8221; form_field_text_shadow_horizontal_length_tablet=&#8221;0px&#8221; form_field_text_shadow_horizontal_length_phone=&#8221;0px&#8221; form_field_text_shadow_vertical_length_tablet=&#8221;0px&#8221; form_field_text_shadow_vertical_length_phone=&#8221;0px&#8221; form_field_text_shadow_blur_strength_tablet=&#8221;1px&#8221; form_field_text_shadow_blur_strength_phone=&#8221;1px&#8221; box_shadow_horizontal_tablet=&#8221;0px&#8221; box_shadow_horizontal_phone=&#8221;0px&#8221; box_shadow_vertical_tablet=&#8221;0px&#8221; box_shadow_vertical_phone=&#8221;0px&#8221; box_shadow_blur_tablet=&#8221;40px&#8221; box_shadow_blur_phone=&#8221;40px&#8221; box_shadow_spread_tablet=&#8221;0px&#8221; box_shadow_spread_phone=&#8221;0px&#8221;][\/et_pb_contact_field][et_pb_contact_field field_id=&#8221;Message&#8221; field_title=&#8221;Ihre Nachricht&#8221; field_type=&#8221;text&#8221; fullwidth_field=&#8221;on&#8221; field_title_tablet=&#8221;Nachricht&#8221; field_title_phone=&#8221;Nachricht&#8221; _builder_version=&#8221;4.4.3&#8243; vertical_offset_tablet=&#8221;0&#8243; vertical_offset_phone=&#8221;0&#8243; horizontal_offset_tablet=&#8221;0&#8243; horizontal_offset_phone=&#8221;0&#8243; max_width_tablet=&#8221;none&#8221; max_width_phone=&#8221;none&#8221; background_color_gradient_direction_tablet=&#8221;180deg&#8221; background_color_gradient_direction_phone=&#8221;180deg&#8221; background_color_gradient_start_position_tablet=&#8221;0%&#8221; background_color_gradient_start_position_phone=&#8221;0%&#8221; background_color_gradient_end_position_tablet=&#8221;100%&#8221; background_color_gradient_end_position_phone=&#8221;100%&#8221; z_index_tablet=&#8221;0&#8243; z_index_phone=&#8221;0&#8243; hover_transition_duration_tablet=&#8221;300ms&#8221; hover_transition_duration_phone=&#8221;300ms&#8221; hover_transition_delay_tablet=&#8221;0ms&#8221; hover_transition_delay_phone=&#8221;0ms&#8221; form_field_text_shadow_horizontal_length_tablet=&#8221;0px&#8221; form_field_text_shadow_horizontal_length_phone=&#8221;0px&#8221; form_field_text_shadow_vertical_length_tablet=&#8221;0px&#8221; form_field_text_shadow_vertical_length_phone=&#8221;0px&#8221; form_field_text_shadow_blur_strength_tablet=&#8221;1px&#8221; form_field_text_shadow_blur_strength_phone=&#8221;1px&#8221; box_shadow_horizontal_tablet=&#8221;0px&#8221; box_shadow_horizontal_phone=&#8221;0px&#8221; box_shadow_vertical_tablet=&#8221;0px&#8221; box_shadow_vertical_phone=&#8221;0px&#8221; box_shadow_blur_tablet=&#8221;40px&#8221; box_shadow_blur_phone=&#8221;40px&#8221; box_shadow_spread_tablet=&#8221;0px&#8221; box_shadow_spread_phone=&#8221;0px&#8221;][\/et_pb_contact_field][\/et_pb_contact_form][\/et_pb_column][\/et_pb_row][\/et_pb_section]<\/p>\n","protected":false},"excerpt":{"rendered":"<p>Kontakt \/ ImpressumSaarLandFrauen e.V. &amp; SaarLandFrauen Bildungseinrichtung gGmbHUnsere Gesch\u00e4ftsstelle finden Sie unter folgender Adresse:Gesch\u00e4ftsf\u00fchrerin und Bildungsreferentin:Manuela Kr\u00e4merQuerstra\u00dfe 266636 TholeyTel.: 0151\/53414998Mail: info@saarlandfrauen.de\u00a0Die Gesch\u00e4ftsstelle ist Dienstleister f\u00fcr den Landesverband, die Kreisverb\u00e4nde und Ortsvereine.Sie hilft, die Verbandsziele umzusetzen:\u2013 Vereinbarkeit von Beruf und Familie\u2013 Verbesserung der Lebenssituation von Frauen und Familien im l\u00e4ndlichen Raum\u2013 Unterst\u00fctzung \/ F\u00f6rderung von Frauen [&hellip;]<\/p>\n","protected":false},"author":1,"featured_media":0,"parent":83,"menu_order":0,"comment_status":"closed","ping_status":"closed","template":"","meta":{"_et_pb_use_builder":"on","_et_pb_old_content":"","_et_gb_content_width":"","footnotes":""},"class_list":["post-342","page","type-page","status-publish","hentry"],"_links":{"self":[{"href":"https:\/\/saarlandfrauen.de\/index.php?rest_route=\/wp\/v2\/pages\/342","targetHints":{"allow":["GET"]}}],"collection":[{"href":"https:\/\/saarlandfrauen.de\/index.php?rest_route=\/wp\/v2\/pages"}],"about":[{"href":"https:\/\/saarlandfrauen.de\/index.php?rest_route=\/wp\/v2\/types\/page"}],"author":[{"embeddable":true,"href":"https:\/\/saarlandfrauen.de\/index.php?rest_route=\/wp\/v2\/users\/1"}],"replies":[{"embeddable":true,"href":"https:\/\/saarlandfrauen.de\/index.php?rest_route=%2Fwp%2Fv2%2Fcomments&post=342"}],"version-history":[{"count":36,"href":"https:\/\/saarlandfrauen.de\/index.php?rest_route=\/wp\/v2\/pages\/342\/revisions"}],"predecessor-version":[{"id":5782,"href":"https:\/\/saarlandfrauen.de\/index.php?rest_route=\/wp\/v2\/pages\/342\/revisions\/5782"}],"up":[{"embeddable":true,"href":"https:\/\/saarlandfrauen.de\/index.php?rest_route=\/wp\/v2\/pages\/83"}],"wp:attachment":[{"href":"https:\/\/saarlandfrauen.de\/index.php?rest_route=%2Fwp%2Fv2%2Fmedia&parent=342"}],"curies":[{"name":"wp","href":"https:\/\/api.w.org\/{rel}","templated":true}]}}