{"id":364,"date":"2020-03-05T16:23:54","date_gmt":"2020-03-05T16:23:54","guid":{"rendered":"https:\/\/saarlandfrauen.de\/?page_id=364"},"modified":"2026-03-16T12:35:33","modified_gmt":"2026-03-16T11:35:33","slug":"bildungseinrichtung_main","status":"publish","type":"page","link":"https:\/\/saarlandfrauen.de\/?page_id=364","title":{"rendered":"Bildungseinrichtung_Main"},"content":{"rendered":"<p>[et_pb_section bb_built=&#8221;1&#8243; fullwidth=&#8221;on&#8221; _builder_version=&#8221;4.0.9&#8243; next_background_color=&#8221;#000000&#8243;][et_pb_fullwidth_image admin_label=&#8221;Titel Bild&#8221; src=&#8221;https:\/\/saarlandfrauen.de\/wp-content\/uploads\/2020\/07\/shutterstock_150111485-scaled.jpg&#8221; _builder_version=&#8221;4.9.4&#8243; vertical_offset_tablet=&#8221;-25px&#8221; horizontal_offset_tablet=&#8221;0&#8243; hover_enabled=&#8221;0&#8243; z_index_tablet=&#8221;500&#8243; box_shadow_horizontal_tablet=&#8221;0px&#8221; box_shadow_vertical_tablet=&#8221;0px&#8221; box_shadow_blur_tablet=&#8221;40px&#8221; box_shadow_spread_tablet=&#8221;0px&#8221; max_height_last_edited=&#8221;on|phone&#8221; max_height=&#8221;350px&#8221; sticky_enabled=&#8221;0&#8243; max_height_tablet=&#8221;275px&#8221; max_height_phone=&#8221;200px&#8221; vertical_offset_last_edited=&#8221;on|phone&#8221; vertical_offset=&#8221;-110px&#8221;]<\/p>\n<p>[\/et_pb_fullwidth_image][\/et_pb_section][et_pb_section bb_built=&#8221;1&#8243; fullwidth=&#8221;on&#8221; _builder_version=&#8221;3.22&#8243; prev_background_color=&#8221;#000000&#8243; next_background_color=&#8221;#000000&#8243;][et_pb_fullwidth_menu admin_label=&#8221;Unter Men\u00fc&#8221; menu_id=&#8221;16&#8243; menu_style=&#8221;centered&#8221; submenu_direction=&#8221;downwards&#8221; fullwidth_menu=&#8221;off&#8221; menu_icon_color=&#8221;#000000&#8243; _builder_version=&#8221;4.4.3&#8243; menu_font=&#8221;|700|||||||&#8221; menu_font_size=&#8221;17px&#8221; background_color=&#8221;#e09900&#8243; vertical_offset_tablet=&#8221;0&#8243; horizontal_offset_tablet=&#8221;0&#8243; z_index_tablet=&#8221;500&#8243; menu_text_shadow_horizontal_length_tablet=&#8221;0px&#8221; menu_text_shadow_vertical_length_tablet=&#8221;0px&#8221; menu_text_shadow_blur_strength_tablet=&#8221;1px&#8221; box_shadow_horizontal_tablet=&#8221;0px&#8221; box_shadow_vertical_tablet=&#8221;0px&#8221; box_shadow_blur_tablet=&#8221;40px&#8221; box_shadow_spread_tablet=&#8221;0px&#8221; box_shadow_horizontal_image_tablet=&#8221;0px&#8221; box_shadow_vertical_image_tablet=&#8221;0px&#8221; box_shadow_blur_image_tablet=&#8221;40px&#8221; box_shadow_spread_image_tablet=&#8221;0px&#8221;]<\/p>\n<p>[\/et_pb_fullwidth_menu][\/et_pb_section][et_pb_section bb_built=&#8221;1&#8243; _builder_version=&#8221;4.3.2&#8243; vertical_offset_tablet=&#8221;0&#8243; horizontal_offset_tablet=&#8221;0&#8243; z_index_tablet=&#8221;500&#8243; box_shadow_horizontal_tablet=&#8221;0px&#8221; box_shadow_vertical_tablet=&#8221;0px&#8221; box_shadow_blur_tablet=&#8221;40px&#8221; box_shadow_spread_tablet=&#8221;0px&#8221; prev_background_color=&#8221;#000000&#8243;][et_pb_row _builder_version=&#8221;3.25&#8243; background_size=&#8221;initial&#8221; background_position=&#8221;top_left&#8221; background_repeat=&#8221;repeat&#8221;][et_pb_column type=&#8221;4_4&#8243; _builder_version=&#8221;3.0.47&#8243; custom_padding=&#8221;|||&#8221; custom_padding__hover=&#8221;|||&#8221;][et_pb_text admin_label=&#8221;Vorstellung Einleitung&#8221; _builder_version=&#8221;4.27.4&#8243; text_font=&#8221;Calibri||||||||&#8221; vertical_offset_tablet=&#8221;0&#8243; horizontal_offset_tablet=&#8221;0&#8243; z_index_tablet=&#8221;500&#8243; text_text_shadow_horizontal_length_tablet=&#8221;0px&#8221; text_text_shadow_vertical_length_tablet=&#8221;0px&#8221; text_text_shadow_blur_strength_tablet=&#8221;1px&#8221; link_text_shadow_horizontal_length_tablet=&#8221;0px&#8221; link_text_shadow_vertical_length_tablet=&#8221;0px&#8221; link_text_shadow_blur_strength_tablet=&#8221;1px&#8221; ul_text_shadow_horizontal_length_tablet=&#8221;0px&#8221; ul_text_shadow_vertical_length_tablet=&#8221;0px&#8221; ul_text_shadow_blur_strength_tablet=&#8221;1px&#8221; ol_text_shadow_horizontal_length_tablet=&#8221;0px&#8221; ol_text_shadow_vertical_length_tablet=&#8221;0px&#8221; ol_text_shadow_blur_strength_tablet=&#8221;1px&#8221; quote_text_shadow_horizontal_length_tablet=&#8221;0px&#8221; quote_text_shadow_vertical_length_tablet=&#8221;0px&#8221; quote_text_shadow_blur_strength_tablet=&#8221;1px&#8221; header_text_shadow_horizontal_length_tablet=&#8221;0px&#8221; header_text_shadow_vertical_length_tablet=&#8221;0px&#8221; header_text_shadow_blur_strength_tablet=&#8221;1px&#8221; header_2_text_shadow_horizontal_length_tablet=&#8221;0px&#8221; header_2_text_shadow_vertical_length_tablet=&#8221;0px&#8221; header_2_text_shadow_blur_strength_tablet=&#8221;1px&#8221; header_3_text_shadow_horizontal_length_tablet=&#8221;0px&#8221; header_3_text_shadow_vertical_length_tablet=&#8221;0px&#8221; header_3_text_shadow_blur_strength_tablet=&#8221;1px&#8221; header_4_text_shadow_horizontal_length_tablet=&#8221;0px&#8221; header_4_text_shadow_vertical_length_tablet=&#8221;0px&#8221; header_4_text_shadow_blur_strength_tablet=&#8221;1px&#8221; header_5_text_shadow_horizontal_length_tablet=&#8221;0px&#8221; header_5_text_shadow_vertical_length_tablet=&#8221;0px&#8221; header_5_text_shadow_blur_strength_tablet=&#8221;1px&#8221; header_6_text_shadow_horizontal_length_tablet=&#8221;0px&#8221; header_6_text_shadow_vertical_length_tablet=&#8221;0px&#8221; header_6_text_shadow_blur_strength_tablet=&#8221;1px&#8221; box_shadow_horizontal_tablet=&#8221;0px&#8221; box_shadow_vertical_tablet=&#8221;0px&#8221; box_shadow_blur_tablet=&#8221;40px&#8221; box_shadow_spread_tablet=&#8221;0px&#8221; background_pattern_color=&#8221;rgba(0,0,0,0.2)&#8221; background_mask_color=&#8221;#ffffff&#8221; text_text_shadow_horizontal_length=&#8221;text_text_shadow_style,%91object Object%93&#8243; text_text_shadow_vertical_length=&#8221;text_text_shadow_style,%91object Object%93&#8243; text_text_shadow_blur_strength=&#8221;text_text_shadow_style,%91object Object%93&#8243; link_text_shadow_horizontal_length=&#8221;link_text_shadow_style,%91object Object%93&#8243; link_text_shadow_vertical_length=&#8221;link_text_shadow_style,%91object Object%93&#8243; link_text_shadow_blur_strength=&#8221;link_text_shadow_style,%91object Object%93&#8243; ul_text_shadow_horizontal_length=&#8221;ul_text_shadow_style,%91object Object%93&#8243; ul_text_shadow_vertical_length=&#8221;ul_text_shadow_style,%91object Object%93&#8243; ul_text_shadow_blur_strength=&#8221;ul_text_shadow_style,%91object Object%93&#8243; ol_text_shadow_horizontal_length=&#8221;ol_text_shadow_style,%91object Object%93&#8243; ol_text_shadow_vertical_length=&#8221;ol_text_shadow_style,%91object Object%93&#8243; ol_text_shadow_blur_strength=&#8221;ol_text_shadow_style,%91object Object%93&#8243; quote_text_shadow_horizontal_length=&#8221;quote_text_shadow_style,%91object Object%93&#8243; quote_text_shadow_vertical_length=&#8221;quote_text_shadow_style,%91object Object%93&#8243; quote_text_shadow_blur_strength=&#8221;quote_text_shadow_style,%91object Object%93&#8243; header_text_shadow_horizontal_length=&#8221;header_text_shadow_style,%91object Object%93&#8243; header_text_shadow_vertical_length=&#8221;header_text_shadow_style,%91object Object%93&#8243; header_text_shadow_blur_strength=&#8221;header_text_shadow_style,%91object Object%93&#8243; header_2_text_shadow_horizontal_length=&#8221;header_2_text_shadow_style,%91object Object%93&#8243; header_2_text_shadow_vertical_length=&#8221;header_2_text_shadow_style,%91object Object%93&#8243; header_2_text_shadow_blur_strength=&#8221;header_2_text_shadow_style,%91object Object%93&#8243; header_3_text_shadow_horizontal_length=&#8221;header_3_text_shadow_style,%91object Object%93&#8243; header_3_text_shadow_vertical_length=&#8221;header_3_text_shadow_style,%91object Object%93&#8243; header_3_text_shadow_blur_strength=&#8221;header_3_text_shadow_style,%91object Object%93&#8243; header_4_text_shadow_horizontal_length=&#8221;header_4_text_shadow_style,%91object Object%93&#8243; header_4_text_shadow_vertical_length=&#8221;header_4_text_shadow_style,%91object Object%93&#8243; header_4_text_shadow_blur_strength=&#8221;header_4_text_shadow_style,%91object Object%93&#8243; header_5_text_shadow_horizontal_length=&#8221;header_5_text_shadow_style,%91object Object%93&#8243; header_5_text_shadow_vertical_length=&#8221;header_5_text_shadow_style,%91object Object%93&#8243; header_5_text_shadow_blur_strength=&#8221;header_5_text_shadow_style,%91object Object%93&#8243; header_6_text_shadow_horizontal_length=&#8221;header_6_text_shadow_style,%91object Object%93&#8243; header_6_text_shadow_vertical_length=&#8221;header_6_text_shadow_style,%91object Object%93&#8243; header_6_text_shadow_blur_strength=&#8221;header_6_text_shadow_style,%91object Object%93&#8243;]<\/p>\n<p><img loading=\"lazy\" decoding=\"async\" class=\"wp-image-569 aligncenter\" src=\"https:\/\/saarlandfrauen.de\/wp-content\/uploads\/2020\/04\/Logo_Saarlandfrauen_Bildungseinrichtung.jpg\" alt=\"\" width=\"342\" height=\"148\" \/><\/p>\n<p><span style=\"font-size: 14pt;\"><strong>Die SaarLandFrauen Bildungseinrichtung gGmbH ist &#8230;<\/strong><\/span><\/p>\n<ul>\n<li><span style=\"font-size: 14pt;\">eine staatlich anerkannte Bildungseinrichtung<\/span><\/li>\n<li><span style=\"font-size: 14pt;\">offen f\u00fcr Frauen aller Generationen und Berufsgruppen<\/span><\/li>\n<\/ul>\n<p><span style=\"font-size: 14pt;\"><strong>Die SaarLandFrauen Bildungseinrichtung gGmbH bietet &#8230;<\/strong><\/span><\/p>\n<ul>\n<li><span style=\"font-size: 14pt;\">ein sehr vielseitiges Bildungsangebot<\/span><\/li>\n<li><span style=\"font-size: 14pt;\">ein qualitativ hochwertiges Bildungsangebot<\/span><\/li>\n<\/ul>\n<p><span style=\"font-size: 14pt;\"><strong>Unsere Veranstaltungen&#8230;<\/strong><\/span><\/p>\n<ul>\n<li><span style=\"font-size: 14pt;\">werden von unseren Ortsvereinen organisiert<\/span><\/li>\n<li><span style=\"font-size: 14pt;\">sind f\u00fcr Mitglieder fast immer kostenlos<\/span><\/li>\n<\/ul>\n<p>\u00a0<\/p>\n<p><span style=\"font-size: 14pt;\">Die Bildungseinrichtung des Landesverbands SaarLandFrauen e.V. entstand 1993 als Nachfolgerin der L\u00e4ndlichen Erwachsenenbildung. Sie wurde am 26.11.1993 als Einrichtung der allgemeinen und politischen Weiterbildung vom saarl\u00e4ndischen Kultusministerium anerkannt. Im September 2025 wurde die Bildungseinrichtung in eine gGmbH ausgelagert und tr\u00e4gt seitdem den Namen SaarLandFrauen Bildungseinrichtung gGmbH.<\/span><\/p>\n<p><span style=\"font-size: 14pt;\">Ihre Aufgabe ist es, den Frauen im l\u00e4ndlichen Raum M\u00f6glichkeiten der Weiterbildung anzubieten. Dabei arbeitet sie mit den Ortsvereinen und Kreisverb\u00e4nden der SaarLandFrauen zusammen.<\/span><\/p>\n<p><span style=\"font-size: 14pt;\">Es werden Vortr\u00e4ge, Kurse und Seminare aus unterschiedlichen Fachgebieten organisiert und durchgef\u00fchrt.<\/span><br \/><span style=\"font-size: 14pt;\">Die Arbeit erfolgt dezentral in Ortsvereinen, Kreisverb\u00e4nden oder landesweit und wird variabel auf die spezifischen Bed\u00fcrfnisse der Zielgruppen ausgerichtet.<\/span><\/p>\n<p><span style=\"font-size: 14pt;\">\u00dcbrigens: Sind Sie an einer Referentent\u00e4tigkeit bei uns interessiert?<\/span><br \/><span style=\"font-size: 14pt;\">Schreiben Sie eine Mail an unsere Bildungsreferentin!<\/span><\/p>\n<p>[\/et_pb_text][\/et_pb_column][\/et_pb_row][\/et_pb_section]<\/p>\n","protected":false},"excerpt":{"rendered":"<p>Die SaarLandFrauen Bildungseinrichtung gGmbH ist &#8230;eine staatlich anerkannte Bildungseinrichtungoffen f\u00fcr Frauen aller Generationen und BerufsgruppenDie SaarLandFrauen Bildungseinrichtung gGmbH bietet &#8230;ein sehr vielseitiges Bildungsangebotein qualitativ hochwertiges BildungsangebotUnsere Veranstaltungen&#8230;werden von unseren Ortsvereinen organisiertsind f\u00fcr Mitglieder fast immer kostenlos\u00a0Die Bildungseinrichtung des Landesverbands SaarLandFrauen e.V. entstand 1993 als Nachfolgerin der L\u00e4ndlichen Erwachsenenbildung. Sie wurde am 26.11.1993 als Einrichtung der [&hellip;]<\/p>\n","protected":false},"author":1,"featured_media":0,"parent":18,"menu_order":0,"comment_status":"closed","ping_status":"closed","template":"","meta":{"_et_pb_use_builder":"on","_et_pb_old_content":"","_et_gb_content_width":"","footnotes":""},"class_list":["post-364","page","type-page","status-publish","hentry"],"_links":{"self":[{"href":"https:\/\/saarlandfrauen.de\/index.php?rest_route=\/wp\/v2\/pages\/364","targetHints":{"allow":["GET"]}}],"collection":[{"href":"https:\/\/saarlandfrauen.de\/index.php?rest_route=\/wp\/v2\/pages"}],"about":[{"href":"https:\/\/saarlandfrauen.de\/index.php?rest_route=\/wp\/v2\/types\/page"}],"author":[{"embeddable":true,"href":"https:\/\/saarlandfrauen.de\/index.php?rest_route=\/wp\/v2\/users\/1"}],"replies":[{"embeddable":true,"href":"https:\/\/saarlandfrauen.de\/index.php?rest_route=%2Fwp%2Fv2%2Fcomments&post=364"}],"version-history":[{"count":16,"href":"https:\/\/saarlandfrauen.de\/index.php?rest_route=\/wp\/v2\/pages\/364\/revisions"}],"predecessor-version":[{"id":5778,"href":"https:\/\/saarlandfrauen.de\/index.php?rest_route=\/wp\/v2\/pages\/364\/revisions\/5778"}],"up":[{"embeddable":true,"href":"https:\/\/saarlandfrauen.de\/index.php?rest_route=\/wp\/v2\/pages\/18"}],"wp:attachment":[{"href":"https:\/\/saarlandfrauen.de\/index.php?rest_route=%2Fwp%2Fv2%2Fmedia&parent=364"}],"curies":[{"name":"wp","href":"https:\/\/api.w.org\/{rel}","templated":true}]}}